{"id":275,"date":"2024-04-03T23:53:03","date_gmt":"2024-04-03T23:53:03","guid":{"rendered":"https:\/\/lacliniquedarchitecture.ca\/?page_id=275"},"modified":"2025-03-13T14:16:45","modified_gmt":"2025-03-13T14:16:45","slug":"plans","status":"publish","type":"page","link":"https:\/\/lacliniquedarchitecture.ca\/?page_id=275","title":{"rendered":"Institutionnel"},"content":{"rendered":"\n<p>Optez pour notre service professionnel d&rsquo;architecture et transformez vos r\u00eaves en r\u00e9alit\u00e9 architecturale exceptionnelle. Nos architectes, technologues et techniciennes hautement qualifi\u00e9es vous guideront \u00e0 travers chaque \u00e9tape, de la conception innovante \u00e0 la r\u00e9alisation de votre projet. Nous cr\u00e9ons des espaces uniques qui allient fonctionnalit\u00e9 et esth\u00e9tique. Choisissez notre \u00e9quipe d\u00e9di\u00e9e et donnez vie \u00e0 vos visions. Votre projet m\u00e9rite le meilleur, choisissez notre service d&rsquo;architecture.<\/p>\n\n\n\n<h2 class=\"wp-block-heading has-white-color has-white-background-color has-text-color has-background has-link-color wp-elements-53b7ebb75e113ce2bdc3c7f72e3f1575\"><\/h2>\n\n\n\n<div class=\"wp-block-columns is-layout-flex wp-container-core-columns-is-layout-9d6595d7 wp-block-columns-is-layout-flex\">\n<div class=\"wp-block-column is-layout-flow wp-block-column-is-layout-flow\" style=\"flex-basis:100%\">\n<div class=\"wp-block-coblocks-gallery-stacked has-lightbox\"><ul class=\"coblocks-gallery has-no-alignment has-fullwidth-images has-medium-gutter\"><li class=\"coblocks-gallery--item\"><figure class=\"coblocks-gallery--figure\"><img loading=\"lazy\" decoding=\"async\" width=\"600\" height=\"475\" alt=\"Biblioth\u00e8que Long Point\" class=\"wp-image-542 has-shadow-none\" data-id=\"542\" data-imglink=\"\" data-link=\"https:\/\/lacliniquedarchitecture.ca\/?attachment_id=542\" src=\"https:\/\/lacliniquedarchitecture.ca\/wp-content\/uploads\/2024\/04\/Biblotheque-LP.jpg\" srcset=\"https:\/\/lacliniquedarchitecture.ca\/wp-content\/uploads\/2024\/04\/Biblotheque-LP.jpg 600w, https:\/\/lacliniquedarchitecture.ca\/wp-content\/uploads\/2024\/04\/Biblotheque-LP-300x238.jpg 300w\" sizes=\"auto, (max-width: 600px) 100vw, 600px\" \/><figcaption class=\"coblocks-gallery--caption\">Biblioth\u00e8que Long Point<\/figcaption><\/figure><\/li><li class=\"coblocks-gallery--item\"><figure class=\"coblocks-gallery--figure\"><img loading=\"lazy\" decoding=\"async\" width=\"1024\" height=\"710\" alt=\"Centre Culture LP\" class=\"wp-image-548 has-shadow-none\" data-id=\"548\" data-imglink=\"\" data-link=\"https:\/\/lacliniquedarchitecture.ca\/?attachment_id=548\" src=\"https:\/\/lacliniquedarchitecture.ca\/wp-content\/uploads\/2024\/04\/CentreCultureLP-1024x710.jpg\" srcset=\"https:\/\/lacliniquedarchitecture.ca\/wp-content\/uploads\/2024\/04\/CentreCultureLP-1024x710.jpg 1024w, https:\/\/lacliniquedarchitecture.ca\/wp-content\/uploads\/2024\/04\/CentreCultureLP-300x208.jpg 300w, https:\/\/lacliniquedarchitecture.ca\/wp-content\/uploads\/2024\/04\/CentreCultureLP-768x533.jpg 768w, https:\/\/lacliniquedarchitecture.ca\/wp-content\/uploads\/2024\/04\/CentreCultureLP-1536x1066.jpg 1536w, https:\/\/lacliniquedarchitecture.ca\/wp-content\/uploads\/2024\/04\/CentreCultureLP-2048x1421.jpg 2048w, https:\/\/lacliniquedarchitecture.ca\/wp-content\/uploads\/2024\/04\/CentreCultureLP-1557x1080.jpg 1557w\" sizes=\"auto, (max-width: 1024px) 100vw, 1024px\" \/><figcaption class=\"coblocks-gallery--caption\">CentreCultureLP<\/figcaption><\/figure><\/li><li class=\"coblocks-gallery--item\"><figure class=\"coblocks-gallery--figure\"><img loading=\"lazy\" decoding=\"async\" width=\"940\" height=\"506\" alt=\"Penthouse MONT ST-LOUIS\" class=\"wp-image-579 has-shadow-none\" data-id=\"579\" data-imglink=\"\" data-link=\"https:\/\/lacliniquedarchitecture.ca\/?attachment_id=579\" src=\"https:\/\/lacliniquedarchitecture.ca\/wp-content\/uploads\/2024\/04\/PenthouseMSL.jpg\" srcset=\"https:\/\/lacliniquedarchitecture.ca\/wp-content\/uploads\/2024\/04\/PenthouseMSL.jpg 940w, https:\/\/lacliniquedarchitecture.ca\/wp-content\/uploads\/2024\/04\/PenthouseMSL-300x161.jpg 300w, https:\/\/lacliniquedarchitecture.ca\/wp-content\/uploads\/2024\/04\/PenthouseMSL-768x413.jpg 768w\" sizes=\"auto, (max-width: 940px) 100vw, 940px\" \/><figcaption class=\"coblocks-gallery--caption\">Penthouse MONT ST-LOUIS<\/figcaption><\/figure><\/li><li class=\"coblocks-gallery--item\"><figure class=\"coblocks-gallery--figure\"><img loading=\"lazy\" decoding=\"async\" width=\"1024\" height=\"536\" alt=\"Biblioth\u00e8que Nationale et Archives Nationale du Canada Gatineau ( Design Urbain )\" class=\"wp-image-551 has-shadow-none\" data-id=\"551\" data-imglink=\"\" data-link=\"https:\/\/lacliniquedarchitecture.ca\/?attachment_id=551\" src=\"https:\/\/lacliniquedarchitecture.ca\/wp-content\/uploads\/2024\/04\/NANLGatineau-1024x536.jpg\" srcset=\"https:\/\/lacliniquedarchitecture.ca\/wp-content\/uploads\/2024\/04\/NANLGatineau-1024x536.jpg 1024w, https:\/\/lacliniquedarchitecture.ca\/wp-content\/uploads\/2024\/04\/NANLGatineau-300x157.jpg 300w, https:\/\/lacliniquedarchitecture.ca\/wp-content\/uploads\/2024\/04\/NANLGatineau-768x402.jpg 768w, https:\/\/lacliniquedarchitecture.ca\/wp-content\/uploads\/2024\/04\/NANLGatineau-1536x805.jpg 1536w, https:\/\/lacliniquedarchitecture.ca\/wp-content\/uploads\/2024\/04\/NANLGatineau-2048x1073.jpg 2048w, https:\/\/lacliniquedarchitecture.ca\/wp-content\/uploads\/2024\/04\/NANLGatineau-1920x1006.jpg 1920w\" sizes=\"auto, (max-width: 1024px) 100vw, 1024px\" \/><figcaption class=\"coblocks-gallery--caption\">Biblioth\u00e8que Nationale et Archives Nationale du Canada Gatineau ( Design Urbain )<\/figcaption><\/figure><\/li><li class=\"coblocks-gallery--item\"><figure class=\"coblocks-gallery--figure\"><img loading=\"lazy\" decoding=\"async\" width=\"1024\" height=\"682\" alt=\"R\u00e9novation du D\u00e9partement de Science Politique UQAM\" class=\"wp-image-581 has-shadow-none\" data-id=\"581\" data-imglink=\"\" data-link=\"https:\/\/lacliniquedarchitecture.ca\/?attachment_id=581\" src=\"https:\/\/lacliniquedarchitecture.ca\/wp-content\/uploads\/2024\/04\/SPPI-Reamenagement-du-Departement-de-science-politique-1024x682.jpg\" srcset=\"https:\/\/lacliniquedarchitecture.ca\/wp-content\/uploads\/2024\/04\/SPPI-Reamenagement-du-Departement-de-science-politique-1024x682.jpg 1024w, https:\/\/lacliniquedarchitecture.ca\/wp-content\/uploads\/2024\/04\/SPPI-Reamenagement-du-Departement-de-science-politique-300x200.jpg 300w, https:\/\/lacliniquedarchitecture.ca\/wp-content\/uploads\/2024\/04\/SPPI-Reamenagement-du-Departement-de-science-politique-768x512.jpg 768w, https:\/\/lacliniquedarchitecture.ca\/wp-content\/uploads\/2024\/04\/SPPI-Reamenagement-du-Departement-de-science-politique-1536x1024.jpg 1536w, https:\/\/lacliniquedarchitecture.ca\/wp-content\/uploads\/2024\/04\/SPPI-Reamenagement-du-Departement-de-science-politique-1620x1080.jpg 1620w, https:\/\/lacliniquedarchitecture.ca\/wp-content\/uploads\/2024\/04\/SPPI-Reamenagement-du-Departement-de-science-politique.jpg 2000w\" sizes=\"auto, (max-width: 1024px) 100vw, 1024px\" \/><figcaption class=\"coblocks-gallery--caption\">SPPI-Reamenagement-du-Departement-de-science-politique<\/figcaption><\/figure><\/li><li class=\"coblocks-gallery--item\"><figure class=\"coblocks-gallery--figure\"><img loading=\"lazy\" decoding=\"async\" width=\"400\" height=\"300\" alt=\"OLYMPUS DIGITAL CAMERA\" class=\"wp-image-574 has-shadow-none\" data-id=\"574\" data-imglink=\"\" data-link=\"https:\/\/lacliniquedarchitecture.ca\/?attachment_id=574\" src=\"https:\/\/lacliniquedarchitecture.ca\/wp-content\/uploads\/2024\/04\/CPEKITIGANZIBI.jpg\" srcset=\"https:\/\/lacliniquedarchitecture.ca\/wp-content\/uploads\/2024\/04\/CPEKITIGANZIBI.jpg 400w, https:\/\/lacliniquedarchitecture.ca\/wp-content\/uploads\/2024\/04\/CPEKITIGANZIBI-300x225.jpg 300w\" sizes=\"auto, (max-width: 400px) 100vw, 400px\" \/><figcaption class=\"coblocks-gallery--caption\">OLYMPUS DIGITAL CAMERA<\/figcaption><\/figure><\/li><li class=\"coblocks-gallery--item\"><figure class=\"coblocks-gallery--figure\"><img loading=\"lazy\" decoding=\"async\" width=\"575\" height=\"302\" alt=\"Projet d\u2019am\u00e9nagement urbain Pointe Fortune et Auberge\" class=\"wp-image-573 has-shadow-none\" data-id=\"573\" data-imglink=\"\" data-link=\"https:\/\/lacliniquedarchitecture.ca\/?attachment_id=573\" src=\"https:\/\/lacliniquedarchitecture.ca\/wp-content\/uploads\/2024\/04\/image001.png\" srcset=\"https:\/\/lacliniquedarchitecture.ca\/wp-content\/uploads\/2024\/04\/image001.png 575w, https:\/\/lacliniquedarchitecture.ca\/wp-content\/uploads\/2024\/04\/image001-300x158.png 300w\" sizes=\"auto, (max-width: 575px) 100vw, 575px\" \/><figcaption class=\"coblocks-gallery--caption\">Projet d\u2019am\u00e9nagement urbain Pointe Fortune et Auberge <\/figcaption><\/figure><\/li><li class=\"coblocks-gallery--item\"><figure class=\"coblocks-gallery--figure\"><img loading=\"lazy\" decoding=\"async\" width=\"574\" height=\"281\" alt=\"Auberge de Pointe Fortune\" class=\"wp-image-572 has-shadow-none\" data-id=\"572\" data-imglink=\"\" data-link=\"https:\/\/lacliniquedarchitecture.ca\/?attachment_id=572\" src=\"https:\/\/lacliniquedarchitecture.ca\/wp-content\/uploads\/2024\/04\/image008.png\" srcset=\"https:\/\/lacliniquedarchitecture.ca\/wp-content\/uploads\/2024\/04\/image008.png 574w, https:\/\/lacliniquedarchitecture.ca\/wp-content\/uploads\/2024\/04\/image008-300x147.png 300w\" sizes=\"auto, (max-width: 574px) 100vw, 574px\" \/><figcaption class=\"coblocks-gallery--caption\">Auberge de Pointe Fortune<\/figcaption><\/figure><\/li><li class=\"coblocks-gallery--item\"><figure class=\"coblocks-gallery--figure\"><img loading=\"lazy\" decoding=\"async\" width=\"574\" height=\"282\" alt=\"Condos de la Marine de Pointe-Fortune\" class=\"wp-image-571 has-shadow-none\" data-id=\"571\" data-imglink=\"\" data-link=\"https:\/\/lacliniquedarchitecture.ca\/?attachment_id=571\" src=\"https:\/\/lacliniquedarchitecture.ca\/wp-content\/uploads\/2024\/04\/image009.png\" srcset=\"https:\/\/lacliniquedarchitecture.ca\/wp-content\/uploads\/2024\/04\/image009.png 574w, https:\/\/lacliniquedarchitecture.ca\/wp-content\/uploads\/2024\/04\/image009-300x147.png 300w\" sizes=\"auto, (max-width: 574px) 100vw, 574px\" \/><figcaption class=\"coblocks-gallery--caption\">Condos de la Marine de Pointe-Fortune<\/figcaption><\/figure><\/li><li class=\"coblocks-gallery--item\"><figure class=\"coblocks-gallery--figure\"><img loading=\"lazy\" decoding=\"async\" width=\"321\" height=\"164\" alt=\"12-PLEX\" class=\"wp-image-570 has-shadow-none\" data-id=\"570\" data-imglink=\"\" data-link=\"https:\/\/lacliniquedarchitecture.ca\/?attachment_id=570\" src=\"https:\/\/lacliniquedarchitecture.ca\/wp-content\/uploads\/2024\/04\/image010-1.jpg\" srcset=\"https:\/\/lacliniquedarchitecture.ca\/wp-content\/uploads\/2024\/04\/image010-1.jpg 321w, https:\/\/lacliniquedarchitecture.ca\/wp-content\/uploads\/2024\/04\/image010-1-300x153.jpg 300w\" sizes=\"auto, (max-width: 321px) 100vw, 321px\" \/><figcaption class=\"coblocks-gallery--caption\">12-PLEX<\/figcaption><\/figure><\/li><li class=\"coblocks-gallery--item\"><figure class=\"coblocks-gallery--figure\"><img loading=\"lazy\" decoding=\"async\" width=\"319\" height=\"195\" alt=\"16 PLEX\" class=\"wp-image-590 has-shadow-none\" data-id=\"590\" data-imglink=\"\" data-link=\"https:\/\/lacliniquedarchitecture.ca\/?attachment_id=590\" src=\"https:\/\/lacliniquedarchitecture.ca\/wp-content\/uploads\/2024\/04\/image012-1.jpg\" srcset=\"https:\/\/lacliniquedarchitecture.ca\/wp-content\/uploads\/2024\/04\/image012-1.jpg 319w, https:\/\/lacliniquedarchitecture.ca\/wp-content\/uploads\/2024\/04\/image012-1-300x183.jpg 300w\" sizes=\"auto, (max-width: 319px) 100vw, 319px\" \/><figcaption class=\"coblocks-gallery--caption\">16 PLEX<\/figcaption><\/figure><\/li><\/ul><\/div>\n<\/div>\n<\/div>\n\n\n\n<h6 class=\"wp-block-heading\">\u00c9COLE DE MODE UQAM&nbsp;: Michel Perron architecte consultant, &nbsp;&nbsp;Promoteur Immobilier Gestion George Coulombe Inc &amp; Rayside Labossi\u00e8re architectes sous toutes les photos de \u00c9cole de Mode de l\u2019UQAM.<\/h6>\n\n\n\n<figure class=\"wp-block-gallery has-nested-images columns-default is-cropped wp-block-gallery-1 is-layout-flex wp-block-gallery-is-layout-flex\">\n<figure class=\"wp-block-image size-large\"><img loading=\"lazy\" decoding=\"async\" width=\"681\" height=\"1024\" data-id=\"554\" src=\"https:\/\/lacliniquedarchitecture.ca\/wp-content\/uploads\/2024\/04\/EMUQAM-6.jpg\" alt=\"\u00c9COLE DE MODE UQAM : Michel Perron architecte consultant, Promoteur Immobilier Gestion George Coulombe Inc &amp; Rayside Labossi\u00e8re architectes\" class=\"wp-image-554\" srcset=\"https:\/\/lacliniquedarchitecture.ca\/wp-content\/uploads\/2024\/04\/EMUQAM-6.jpg 681w, https:\/\/lacliniquedarchitecture.ca\/wp-content\/uploads\/2024\/04\/EMUQAM-6-200x300.jpg 200w\" sizes=\"auto, (max-width: 681px) 100vw, 681px\" \/><figcaption class=\"wp-element-caption\">\u00c9COLE DE MODE UQAM : Michel Perron architecte consultant,   Promoteur Immobilier Gestion George Coulombe Inc &amp; Rayside Labossi\u00e8re architectes<\/figcaption><\/figure>\n\n\n\n<figure class=\"wp-block-image size-large\"><img loading=\"lazy\" decoding=\"async\" width=\"683\" height=\"1024\" data-id=\"555\" src=\"https:\/\/lacliniquedarchitecture.ca\/wp-content\/uploads\/2024\/04\/EMUQAM-2-683x1024.jpg\" alt=\"\u00c9COLE DE MODE UQAM : Michel Perron architecte consultant, Promoteur Immobilier Gestion George Coulombe Inc &amp; Rayside Labossi\u00e8re architectes\" class=\"wp-image-555\" srcset=\"https:\/\/lacliniquedarchitecture.ca\/wp-content\/uploads\/2024\/04\/EMUQAM-2-683x1024.jpg 683w, https:\/\/lacliniquedarchitecture.ca\/wp-content\/uploads\/2024\/04\/EMUQAM-2-200x300.jpg 200w, https:\/\/lacliniquedarchitecture.ca\/wp-content\/uploads\/2024\/04\/EMUQAM-2-768x1152.jpg 768w, https:\/\/lacliniquedarchitecture.ca\/wp-content\/uploads\/2024\/04\/EMUQAM-2-1024x1536.jpg 1024w, https:\/\/lacliniquedarchitecture.ca\/wp-content\/uploads\/2024\/04\/EMUQAM-2-1365x2048.jpg 1365w, https:\/\/lacliniquedarchitecture.ca\/wp-content\/uploads\/2024\/04\/EMUQAM-2-720x1080.jpg 720w, https:\/\/lacliniquedarchitecture.ca\/wp-content\/uploads\/2024\/04\/EMUQAM-2-scaled.jpg 1707w\" sizes=\"auto, (max-width: 683px) 100vw, 683px\" \/><figcaption class=\"wp-element-caption\">\u00c9COLE DE MODE UQAM : Michel Perron architecte consultant,   Promoteur Immobilier Gestion George Coulombe Inc &amp; Rayside Labossi\u00e8re architectes<\/figcaption><\/figure>\n\n\n\n<figure class=\"wp-block-image size-large\"><img loading=\"lazy\" decoding=\"async\" width=\"474\" height=\"711\" data-id=\"559\" src=\"https:\/\/lacliniquedarchitecture.ca\/wp-content\/uploads\/2024\/04\/EMUQAM.jpg\" alt=\"\u00c9COLE DE MODE UQAM : Michel Perron architecte consultant, Promoteur Immobilier Gestion George Coulombe Inc &amp; Rayside Labossi\u00e8re architectes\" class=\"wp-image-559\" srcset=\"https:\/\/lacliniquedarchitecture.ca\/wp-content\/uploads\/2024\/04\/EMUQAM.jpg 474w, https:\/\/lacliniquedarchitecture.ca\/wp-content\/uploads\/2024\/04\/EMUQAM-200x300.jpg 200w\" sizes=\"auto, (max-width: 474px) 100vw, 474px\" \/><figcaption class=\"wp-element-caption\">\u00c9COLE DE MODE UQAM : Michel Perron architecte consultant,   Promoteur Immobilier Gestion George Coulombe Inc &amp; Rayside Labossi\u00e8re architectes<\/figcaption><\/figure>\n\n\n\n<figure class=\"wp-block-image size-large\"><img loading=\"lazy\" decoding=\"async\" width=\"800\" height=\"532\" data-id=\"575\" src=\"https:\/\/lacliniquedarchitecture.ca\/wp-content\/uploads\/2024\/04\/EMUQAM-3.jpg\" alt=\"\u00c9COLE DE MODE UQAM : Michel Perron architecte consultant, Promoteur Immobilier Gestion George Coulombe Inc &amp; Rayside Labossi\u00e8re architectes\" class=\"wp-image-575\" srcset=\"https:\/\/lacliniquedarchitecture.ca\/wp-content\/uploads\/2024\/04\/EMUQAM-3.jpg 800w, https:\/\/lacliniquedarchitecture.ca\/wp-content\/uploads\/2024\/04\/EMUQAM-3-300x200.jpg 300w, https:\/\/lacliniquedarchitecture.ca\/wp-content\/uploads\/2024\/04\/EMUQAM-3-768x511.jpg 768w\" sizes=\"auto, (max-width: 800px) 100vw, 800px\" \/><figcaption class=\"wp-element-caption\">\u00c9COLE DE MODE UQAM : Michel Perron architecte consultant,   Promoteur Immobilier Gestion George Coulombe Inc &amp; Rayside Labossi\u00e8re architectes<\/figcaption><\/figure>\n<\/figure>\n\n\n<div aria-hidden=\"true\" style=\"display:none;\">SERVICE PROFESSIONNEL D&#039;ARCHITECTURE<\/div>\r\n<div class=\"align wp-block-atb-animated-text\" id='atbAnimatedText-2' data-attributes='{&quot;content&quot;:&quot;SERVICE PROFESSIONNEL D&#039;ARCHITECTURE&quot;,&quot;align&quot;:&quot;&quot;,&quot;options&quot;:{&quot;theme&quot;:&quot;default&quot;},&quot;prefixText&quot;:&quot;&quot;,&quot;suffixText&quot;:&quot;&quot;,&quot;loop&quot;:true,&quot;animateIn&quot;:&quot;char&quot;,&quot;inEffect&quot;:&quot;fadeInLeftBig&quot;,&quot;inSequence&quot;:&quot;default&quot;,&quot;outEffect&quot;:&quot;rollOut&quot;,&quot;outSequence&quot;:&quot;shuffle&quot;,&quot;alignment&quot;:&quot;center&quot;,&quot;textAlign&quot;:&quot;center&quot;,&quot;background&quot;:{&quot;color&quot;:&quot;#0000&quot;},&quot;typography&quot;:{&quot;fontSize&quot;:{&quot;desktop&quot;:22,&quot;tablet&quot;:20,&quot;mobile&quot;:18}},&quot;textAlignment&quot;:&quot;center&quot;,&quot;color&quot;:&quot;#333&quot;,&quot;prefixTypo&quot;:{&quot;fontSize&quot;:{&quot;desktop&quot;:22,&quot;tablet&quot;:20,&quot;mobile&quot;:18}},&quot;prefixColor&quot;:&quot;#000&quot;,&quot;suffixTypo&quot;:{&quot;fontSize&quot;:{&quot;desktop&quot;:22,&quot;tablet&quot;:20,&quot;mobile&quot;:18}},&quot;padding&quot;:{&quot;vertical&quot;:&quot;15px&quot;,&quot;horizontal&quot;:&quot;15px&quot;},&quot;border&quot;:{&quot;radius&quot;:&quot;5px&quot;},&quot;animatedSize&quot;:{&quot;width&quot;:{&quot;desktop&quot;:&quot;100%&quot;,&quot;tablet&quot;:&quot;&quot;,&quot;mobile&quot;:&quot;&quot;},&quot;height&quot;:{&quot;desktop&quot;:&quot;500px&quot;,&quot;tablet&quot;:&quot;&quot;,&quot;mobile&quot;:&quot;&quot;}},&quot;repeat&quot;:true,&quot;gsapAnimation&quot;:{&quot;animationSpeed&quot;:30,&quot;perspectiveDepth&quot;:500,&quot;enableOscillation&quot;:true,&quot;repeatBehavior&quot;:-1,&quot;repeatDelay&quot;:2,&quot;animationEffect&quot;:&quot;default&quot;,&quot;autoRepeat&quot;:true,&quot;transformOrigin&quot;:400,&quot;randomColor&quot;:false,&quot;isTextShadow&quot;:false,&quot;textShadow&quot;:[{&quot;blur&quot;:&quot;19px&quot;,&quot;color&quot;:&quot;rgba(39, 195, 130, 1)&quot;,&quot;hOffset&quot;:&quot;4px&quot;,&quot;isInset&quot;:false,&quot;spreed&quot;:&quot;0px&quot;,&quot;vOffset&quot;:&quot;1px&quot;}],&quot;fontStretch&quot;:&quot;200%&quot;,&quot;animationDuration&quot;:1,&quot;waveEffect&quot;:25,&quot;easeType&quot;:&quot;elastic(0.3, 0.2)&quot;,&quot;scaleX&quot;:1.5,&quot;scaleY&quot;:0.2,&quot;typingSpeed&quot;:100,&quot;reStartTime&quot;:1000,&quot;animateType&quot;:&quot;glitch&quot;}}' data-ispremium=''><\/div>\n\n\n<hr class=\"wp-block-coblocks-dynamic-separator\" style=\"height:50px\"\/>\n\n\n\n<div class=\"wp-block-columns alignwide is-layout-flex wp-container-core-columns-is-layout-9d6595d7 wp-block-columns-is-layout-flex\">\n<div class=\"wp-block-column has-very-light-gray-to-cyan-bluish-gray-gradient-background has-text-color has-background has-link-color wp-elements-a7121cefb7662bdf48a9aa9ac3b9f79b is-layout-flow wp-block-column-is-layout-flow\" style=\"color:#000000;padding-top:2em;padding-right:2em;padding-bottom:2em;padding-left:2em\">\n<h2 class=\"wp-block-heading\" id=\"attestation\" style=\"font-size:31px\">Offre de service public<\/h2>\n\n\n\n<p class=\"has-normal-font-size\" style=\"line-height:1.5\"><strong>R\u00e9alisez votre projet immobilier<\/strong><\/p>\n\n\n\n<hr class=\"wp-block-separator has-css-opacity is-style-wide\"\/>\n\n\n\n<ul class=\"wp-block-list has-normal-font-size\">\n<li>Plan personnalis\u00e9 &amp; sur mesure<\/li>\n\n\n\n<li>Participation au Appel d\u2019Offres<\/li>\n\n\n\n<li>Professionnel OAQ et OTPQ<\/li>\n<\/ul>\n\n\n\n<div class=\"wp-block-buttons alignfull is-horizontal is-content-justification-center is-layout-flex wp-container-core-buttons-is-layout-499968f5 wp-block-buttons-is-layout-flex\">\n<div class=\"wp-block-button has-custom-width wp-block-button__width-100 is-style-fill\"><a class=\"wp-block-button__link has-white-color has-text-color has-background no-border-radius wp-element-button\" style=\"background-color:#000000\">Services d\u2019Architecture<\/a><\/div>\n<\/div>\n<\/div>\n\n\n\n<div class=\"wp-block-column has-very-light-gray-to-cyan-bluish-gray-gradient-background has-text-color has-background has-link-color wp-elements-c0b1d035f64f01c335aacec15eb6b3fb is-layout-flow wp-block-column-is-layout-flow\" style=\"color:#000000;padding-top:2em;padding-right:2em;padding-bottom:2em;padding-left:2em\">\n<h2 class=\"wp-block-heading\" id=\"maison\" style=\"font-size:31px\">D\u00e9p\u00f4t <\/h2>\n\n\n\n<p class=\"has-normal-font-size\" style=\"line-height:1.5\"><strong>Le d\u00e9p\u00f4t confirme votre signature<\/strong><\/p>\n\n\n\n<hr class=\"wp-block-separator has-text-color has-css-opacity has-background is-style-wide\" style=\"background-color:#000000;color:#000000\"\/>\n\n\n\n<ul class=\"wp-block-list has-normal-font-size\">\n<li>Un d\u00e9p\u00f4t de 1000$ est n\u00e9cessaire et non remboursable avant le d\u00e9but des plans pour le service dans le secteur priv\u00e9 <\/li>\n<\/ul>\n\n\n\n<div class=\"wp-block-buttons alignfull is-horizontal is-content-justification-center is-layout-flex wp-container-core-buttons-is-layout-499968f5 wp-block-buttons-is-layout-flex\">\n<div class=\"wp-block-button has-custom-width wp-block-button__width-100\"><a class=\"wp-block-button__link has-white-color has-text-color has-background no-border-radius wp-element-button\" style=\"background-color:#000000\">$ 1000<\/a><\/div>\n<\/div>\n<\/div>\n\n\n\n<div class=\"wp-block-column has-very-light-gray-to-cyan-bluish-gray-gradient-background has-text-color has-background has-link-color wp-elements-93c229155c4dd9fa527f4304ac56d02f is-layout-flow wp-block-column-is-layout-flow\" style=\"color:#000000;padding-top:2em;padding-right:2em;padding-bottom:2em;padding-left:2em\">\n<h2 class=\"wp-block-heading\" id=\"plan\" style=\"font-size:31px\">Rencontre<\/h2>\n\n\n\n<p class=\"has-normal-font-size\"><strong>Appelez-nous pour une rencontre<\/strong><\/p>\n\n\n\n<hr class=\"wp-block-separator has-css-opacity is-style-wide\"\/>\n\n\n\n<ul class=\"wp-block-list has-normal-font-size\">\n<li>\u00c0 nos bureaux<\/li>\n\n\n\n<li>Sur place<\/li>\n\n\n\n<li>Par t\u00e9l\u00e9phone<\/li>\n<\/ul>\n\n\n\n<div class=\"wp-block-buttons alignfull is-horizontal is-content-justification-center is-layout-flex wp-container-core-buttons-is-layout-499968f5 wp-block-buttons-is-layout-flex\">\n<div class=\"wp-block-button has-custom-width wp-block-button__width-100\"><a class=\"wp-block-button__link has-white-color has-text-color has-background no-border-radius wp-element-button\" style=\"background-color:#000000\">(450) 430-3330<\/a><\/div>\n<\/div>\n<\/div>\n<\/div>\n\n\n\n<hr class=\"wp-block-coblocks-dynamic-separator\" style=\"height:50px\"\/>\n\n\n\n<h2 class=\"wp-block-heading has-large-font-size\"><strong>Appelez-nous pour une rencontre.<\/strong><\/h2>\n","protected":false},"excerpt":{"rendered":"<p>Optez pour notre service professionnel d&rsquo;architecture et transformez vos r\u00eaves en r\u00e9alit\u00e9 architecturale exceptionnelle. Nos architectes, technologues et techniciennes hautement qualifi\u00e9es vous guideront \u00e0 travers chaque \u00e9tape, de la conception innovante \u00e0 la r\u00e9alisation de votre projet. Nous cr\u00e9ons des espaces uniques qui allient fonctionnalit\u00e9 et esth\u00e9tique. Choisissez notre \u00e9quipe d\u00e9di\u00e9e et donnez vie \u00e0&hellip; <br \/> <a class=\"read-more\" href=\"https:\/\/lacliniquedarchitecture.ca\/?page_id=275\">Lire la suite<\/a><\/p>\n","protected":false},"author":1,"featured_media":0,"parent":0,"menu_order":0,"comment_status":"closed","ping_status":"closed","template":"","meta":{"_coblocks_attr":"","_coblocks_dimensions":"","_coblocks_responsive_height":"","_coblocks_accordion_ie_support":"","om_disable_all_campaigns":false,"_monsterinsights_skip_tracking":false,"_monsterinsights_sitenote_active":false,"_monsterinsights_sitenote_note":"","_monsterinsights_sitenote_category":0,"footnotes":""},"class_list":["post-275","page","type-page","status-publish","hentry"],"aioseo_notices":[],"_links":{"self":[{"href":"https:\/\/lacliniquedarchitecture.ca\/index.php?rest_route=\/wp\/v2\/pages\/275","targetHints":{"allow":["GET"]}}],"collection":[{"href":"https:\/\/lacliniquedarchitecture.ca\/index.php?rest_route=\/wp\/v2\/pages"}],"about":[{"href":"https:\/\/lacliniquedarchitecture.ca\/index.php?rest_route=\/wp\/v2\/types\/page"}],"author":[{"embeddable":true,"href":"https:\/\/lacliniquedarchitecture.ca\/index.php?rest_route=\/wp\/v2\/users\/1"}],"replies":[{"embeddable":true,"href":"https:\/\/lacliniquedarchitecture.ca\/index.php?rest_route=%2Fwp%2Fv2%2Fcomments&post=275"}],"version-history":[{"count":39,"href":"https:\/\/lacliniquedarchitecture.ca\/index.php?rest_route=\/wp\/v2\/pages\/275\/revisions"}],"predecessor-version":[{"id":907,"href":"https:\/\/lacliniquedarchitecture.ca\/index.php?rest_route=\/wp\/v2\/pages\/275\/revisions\/907"}],"wp:attachment":[{"href":"https:\/\/lacliniquedarchitecture.ca\/index.php?rest_route=%2Fwp%2Fv2%2Fmedia&parent=275"}],"curies":[{"name":"wp","href":"https:\/\/api.w.org\/{rel}","templated":true}]}}